{"id":497,"date":"2024-07-15T09:59:48","date_gmt":"2024-07-15T07:59:48","guid":{"rendered":"https:\/\/isodach.com\/?page_id=497"},"modified":"2024-07-15T10:04:20","modified_gmt":"2024-07-15T08:04:20","slug":"faq","status":"publish","type":"page","link":"https:\/\/isodach.com\/de\/faq\/","title":{"rendered":"FAQ"},"content":{"rendered":"<p>[et_pb_section fb_built=&#8220;1&#8243; theme_builder_area=&#8220;post_content&#8220; _builder_version=&#8220;4.25.2&#8243; _module_preset=&#8220;default&#8220; custom_padding=&#8220;7px|||||&#8220;][et_pb_row _builder_version=&#8220;4.25.2&#8243; _module_preset=&#8220;default&#8220; theme_builder_area=&#8220;post_content&#8220; width=&#8220;100%&#8220; hover_enabled=&#8220;0&#8243; sticky_enabled=&#8220;0&#8243;][et_pb_column _builder_version=&#8220;4.25.2&#8243; _module_preset=&#8220;default&#8220; type=&#8220;4_4&#8243; theme_builder_area=&#8220;post_content&#8220;][et_pb_text _builder_version=&#8220;4.25.2&#8243; _module_preset=&#8220;default&#8220; theme_builder_area=&#8220;post_content&#8220; header_text_color=&#8220;#0C121D&#8220; header_2_text_color=&#8220;#0C121D&#8220; hover_enabled=&#8220;0&#8243; sticky_enabled=&#8220;0&#8243; header_2_text_align=&#8220;center&#8220;]<\/p>\n<h2>H\u00e4ufig gestellte Fragen<\/h2>\n<p>[\/et_pb_text][et_pb_blurb title=&#8220;Was ist Arbeitskr\u00e4fte\u00fcberlassung = Personalleasing&#8220; _builder_version=&#8220;4.25.2&#8243; _module_preset=&#8220;default&#8220; theme_builder_area=&#8220;post_content&#8220; use_icon=&#8220;on&#8220; font_icon=&#8220;&#x74;||divi||400&#8243; icon_color=&#8220;#FAB316&#8243; icon_placement=&#8220;left&#8220; image_icon_width=&#8220;40px&#8220; hover_enabled=&#8220;0&#8243; sticky_enabled=&#8220;0&#8243; content_max_width=&#8220;90%&#8220; custom_margin=&#8220;20px||40px||false|false&#8220; custom_padding=&#8220;20px||20px||false|false&#8220; border_radii=&#8220;on|5px|5px|5px|5px&#8220; background_color=&#8220;#F0F7F8&#8243;]<\/p>\n<p><strong>Definition:<\/strong> Arbeitskr\u00e4fte\u00fcberlassung liegt vor, wenn ein Arbeitgeber (\u00dcberlasser) seine Arbeitnehmer einem Dritten (Besch\u00e4ftigter) auf Grund eines \u00dcberlassungsvertrages gegen Entgelt zur Verf\u00fcgung stellt. Arbeitskr\u00e4fte\u00fcberlassung ist in \u00d6sterreich durch das Arbeitskr\u00e4fte\u00fcberlassungsgesetz (A\u00dcG) geregelt.<\/p>\n<p>[\/et_pb_blurb][et_pb_blurb title=&#8220;Vorteile der Arbeitskr\u00e4fte\u00fcberlassung f\u00fcr Kunden des \u00dcberlassens&#8220; _builder_version=&#8220;4.25.2&#8243; _module_preset=&#8220;default&#8220; theme_builder_area=&#8220;post_content&#8220; use_icon=&#8220;on&#8220; font_icon=&#8220;&#x74;||divi||400&#8243; icon_color=&#8220;#FAB316&#8243; icon_placement=&#8220;left&#8220; image_icon_width=&#8220;40px&#8220; sticky_enabled=&#8220;0&#8243; content_max_width=&#8220;90%&#8220; quote_border_color=&#8220;#E09900&#8243; link_text_color=&#8220;#E09900&#8243; quote_text_color=&#8220;#0C121D&#8220; header_2_text_color=&#8220;#FAB316&#8243; header_3_text_color=&#8220;#FAB316&#8243; header_4_text_color=&#8220;#FAB316&#8243; header_5_text_color=&#8220;#FAB316&#8243; header_6_text_color=&#8220;#FAB316&#8243; custom_margin=&#8220;20px||40px||false|false&#8220; custom_padding=&#8220;20px||20px||false|false&#8220; border_radii=&#8220;on|5px|5px|5px|5px&#8220; background_color=&#8220;#F0F7F8&#8243;]<\/p>\n<p><strong>Wenig Aufwand:<\/strong> Sie \u00fcberlassen uns nicht nur das Suchen, sondern auch das Anstellen von neuen MitarbeiterInnen. Wir kennen Ihre Branche und sprechen die Sprache der Kandidatinnen.<\/p>\n<p>Kostenmanagement: Sie bezahlen nur die tats\u00e4chlich gew\u00e4hrleistete Leistungsstunde, die Lohnnebenkosten \u00fcbernehmen wir.<\/p>\n<p>Flexibilit\u00e4t: Kurzfristig und flexibel fehlender Arbeitskraft abzudecken, bedarfsgerecht angepasst.<\/p>\n<p>Kontinuit\u00e4t: durch Ersetzung fehlender Arbeitskraft, um Personalengp\u00e4sse zu vermeiden.<\/p>\n<p>Effiziente L\u00f6sung: Personelle Engp\u00e4sse durch Ersetzung fehlender Arbeitskraft kurzfristig zu vermeiden.<\/p>\n<p>Unser erfahrenes Team steht Ihnen zur Verf\u00fcgung, um Ihnen ma\u00dfgeschneiderte L\u00f6sungen anzubieten.<\/p>\n<p>[\/et_pb_blurb][et_pb_blurb title=&#8220;Zeitliche Beschr\u00e4nkung&#8220; _builder_version=&#8220;4.25.2&#8243; _module_preset=&#8220;default&#8220; theme_builder_area=&#8220;post_content&#8220; use_icon=&#8220;on&#8220; font_icon=&#8220;&#x74;||divi||400&#8243; icon_color=&#8220;#FAB316&#8243; icon_placement=&#8220;left&#8220; image_icon_width=&#8220;40px&#8220; sticky_enabled=&#8220;0&#8243; content_max_width=&#8220;90%&#8220; custom_margin=&#8220;20px||40px||false|false&#8220; custom_padding=&#8220;20px||20px||false|false&#8220; border_radii=&#8220;on|5px|5px|5px|5px&#8220; background_color=&#8220;#F0F7F8&#8243;]In \u00d6sterreich gibt es keine gesetzlich vorgeschriebenen zeitlichen Beschr\u00e4nkungen der \u00dcberlassungsdauer.[\/et_pb_blurb][et_pb_blurb title=&#8220;Sie fragen an:  wir senden entsprechend unser Angebot zu. Nach der Vereinbarung entsenden wir die geeigneten Arbeitsnehmer: kurzfristig, flexibel, bedarfsgerecht.&#8220; _builder_version=&#8220;4.25.2&#8243; _module_preset=&#8220;default&#8220; theme_builder_area=&#8220;post_content&#8220; use_icon=&#8220;on&#8220; font_icon=&#8220;&#x74;||divi||400&#8243; icon_color=&#8220;#FAB316&#8243; icon_placement=&#8220;left&#8220; image_icon_width=&#8220;40px&#8220; sticky_enabled=&#8220;0&#8243; content_max_width=&#8220;90%&#8220; custom_margin=&#8220;20px||40px||false|false&#8220; custom_padding=&#8220;20px||20px||false|false&#8220; border_radii=&#8220;on|5px|5px|5px|5px&#8220; background_color=&#8220;#F0F7F8&#8243; hover_enabled=&#8220;0&#8243;]<\/p>\n<p><strong>Sie fragen an:<\/strong><br \/>wir senden entsprechend unser Angebot zu. Nach der Vereinbarung entsenden wir die geeigneten Arbeitsnehmer: kurzfristig, flexibel, bedarfsgerecht.<\/p>\n<p>[\/et_pb_blurb][et_pb_text _builder_version=&#8220;4.25.2&#8243; _module_preset=&#8220;default&#8220; theme_builder_area=&#8220;post_content&#8220; background_color=&#8220;#0C121D&#8220; custom_padding=&#8220;20px|20px|20px|20px|false|false&#8220; border_radii=&#8220;on|5px|5px|5px|5px&#8220; text_text_color=&#8220;#FFFFFF&#8220; hover_enabled=&#8220;0&#8243; sticky_enabled=&#8220;0&#8243;]<\/p>\n<h2>Wir \u00fcbernehmen<\/h2>\n<p>\u2022 Recruiting den geeigneten Arbeitsnehmer<br \/>\u2022 Arbeitsvertrag wird abgeschlossen (ungarische Anmeldung).<br \/>\u2022 Administration wird erledigt: ZKO4 \/ A1 \/ bei Neupartner beantragen wir den Freistellungsbescheid beim \u00f6sterreichischen Finanzamt<br \/>\u2022 Arbeitskraft\u00fcberlassung \/ Isodach Firmenauto zum Erreichen des Arbeitsortes<br \/>\u2022 Nach unterfertigter Stundenaufzeichnung stellen wir die Abrechnung zusammen<br \/>\u2022 Rechnung wird erstellt<br \/>\u2022 Abrechnung, Lohn\u00fcberweisung f\u00fcr die MitarbeiterInnen<br \/>\u2022 Administrative Aufgaben bei eventuelle K\u00fcndigung (ZKO-Abmeldung, Erstattung den restlichen Feiertage &amp; Urlaubstage)<\/p>\n<p>[\/et_pb_text][\/et_pb_column][\/et_pb_row][\/et_pb_section]<\/p>\n","protected":false},"excerpt":{"rendered":"<p>H\u00e4ufig gestellte FragenDefinition: Arbeitskr\u00e4fte\u00fcberlassung liegt vor, wenn ein Arbeitgeber (\u00dcberlasser) seine Arbeitnehmer einem Dritten (Besch\u00e4ftigter) auf Grund eines \u00dcberlassungsvertrages gegen Entgelt zur Verf\u00fcgung stellt. Arbeitskr\u00e4fte\u00fcberlassung ist in \u00d6sterreich durch das Arbeitskr\u00e4fte\u00fcberlassungsgesetz (A\u00dcG) geregelt.Wenig Aufwand: Sie \u00fcberlassen uns nicht nur das Suchen, sondern auch das Anstellen von neuen MitarbeiterInnen. Wir kennen Ihre Branche und sprechen die [&hellip;]<\/p>\n","protected":false},"author":1,"featured_media":0,"parent":0,"menu_order":0,"comment_status":"closed","ping_status":"closed","template":"","meta":{"_acf_changed":false,"_et_pb_use_builder":"on","_et_pb_old_content":"","_et_gb_content_width":"","footnotes":""},"class_list":["post-497","page","type-page","status-publish","hentry"],"acf":[],"_links":{"self":[{"href":"https:\/\/isodach.com\/de\/wp-json\/wp\/v2\/pages\/497","targetHints":{"allow":["GET"]}}],"collection":[{"href":"https:\/\/isodach.com\/de\/wp-json\/wp\/v2\/pages"}],"about":[{"href":"https:\/\/isodach.com\/de\/wp-json\/wp\/v2\/types\/page"}],"author":[{"embeddable":true,"href":"https:\/\/isodach.com\/de\/wp-json\/wp\/v2\/users\/1"}],"replies":[{"embeddable":true,"href":"https:\/\/isodach.com\/de\/wp-json\/wp\/v2\/comments?post=497"}],"version-history":[{"count":4,"href":"https:\/\/isodach.com\/de\/wp-json\/wp\/v2\/pages\/497\/revisions"}],"predecessor-version":[{"id":509,"href":"https:\/\/isodach.com\/de\/wp-json\/wp\/v2\/pages\/497\/revisions\/509"}],"wp:attachment":[{"href":"https:\/\/isodach.com\/de\/wp-json\/wp\/v2\/media?parent=497"}],"curies":[{"name":"wp","href":"https:\/\/api.w.org\/{rel}","templated":true}]}}