{"id":454,"date":"2024-06-03T12:51:30","date_gmt":"2024-06-03T10:51:30","guid":{"rendered":"https:\/\/isodach.com\/?page_id=454"},"modified":"2024-07-05T11:24:20","modified_gmt":"2024-07-05T09:24:20","slug":"datenschutz","status":"publish","type":"page","link":"https:\/\/isodach.com\/de\/datenschutz\/","title":{"rendered":"Datenschutz"},"content":{"rendered":"<p>Datenschutzerkl\u00e4rung<br \/>\n1.\tAllgemeine Hinweise:<br \/>\nDie folgenden Hinweise geben einen einfachen \u00dcberblick dar\u00fcber, was mit Ihren personenbezogenen Daten passiert, wenn Sie diese Website besuchen. Personenbezogene Daten sind alle Daten, mit denen Sie pers\u00f6nlich identifiziert werden k\u00f6nnen. <\/p>\n<p>Die verwendeten Begriffe sind nicht geschlechtsspezifisch<\/p>\n<p>Stand: 10.05.2024<\/p>\n<p>2.\tVerantwortliche Stelle f\u00fcr die Datenverarbeitung<br \/>\nDie Datenverarbeitung auf dieser Website erfolgt durch den Websitebetreiber.<br \/>\nKontaktdaten:<br \/>\nIsodach Kft.<br \/>\nF\u0151 u. 51.<br \/>\n9738 T\u00f6m\u00f6rd<br \/>\nUngarn<br \/>\nAnsprechpartner: Gyula Benczenleitner<br \/>\nTelefon: +43 664 425 5307<br \/>\nE-Mail: office@isodach.com<br \/>\nImpressum: <\/p>\n<p>Verantwortliche Stelle ist die nat\u00fcrliche oder juristische Person, die allein oder gemeinsam mit anderen \u00fcber die Zwecke und Mittel der Verarbeitung von personenbezogenen Daten (z. B. Namen, E-Mail-Adressen o. \u00c4.) entscheidet.<\/p>\n<p>3.\tRechtsgrundlagen der Datenerfassung<br \/>\nSofern Sie in die Datenverarbeitung eingewilligt haben, verarbeiten wir Ihre personenbezogenen Daten auf Grundlage von Art. 6 Abs. 1 lit. a DSGVO bzw. Art. 9 Abs. 2 lit. a DSGVO, sofern besondere Datenkategorien nach Art. 9 Abs. 1 DSGVO verarbeitet werden. Im Falle einer ausdr\u00fccklichen Einwilligung in die \u00dcbertragung personenbezogener Daten in Drittstaaten erfolgt die Datenverarbeitung au\u00dferdem auf Grundlage von Art.49 Abs. 1 lit. a DSGVO. Sofern Sie in die Speicherung von Cookies oder in den Zugriff auf Informationen in Ihr Endger\u00e4t (z. B. via Device-Fingerprinting) eingewilligt haben, erfolgt die Datenverarbeitung zus\u00e4tzlich auf Grundlage von \u00a7 25 Abs. 1 TTDSG. Die Einwilligung ist jederzeit widerrufbar. Sind Ihre Daten zur Vertragserf\u00fcllung oder zur Durchf\u00fchrung vorvertraglicher Ma\u00dfnahmen erforderlich, verarbeiten wir Ihre Daten auf Grundlage des Art. 6 Abs. 1 lit. b DSGVO. Des Weiteren verarbeiten wir Ihre Daten, sofern diese zur Erf\u00fcllung einer rechtlichen Verpflichtung erforderlich sind auf Grundlage von Art. 6 Abs. 1 lit. c DSGVO.<br \/>\nDie Datenverarbeitung kann ferner auf Grundlage unseres berechtigten Interesses nach Art. 6 Abs. 1 lit. f DSGVO erfolgen. \u00dcber die jeweils im Einzelfall einschl\u00e4gigen Rechtsgrundlagen wird in den folgenden Abs\u00e4tzen dieser Datenschutzerkl\u00e4rung informiert.<\/p>\n<p>Gem\u00e4\u00df Art 13 DSGVO informiert die Isodach Kft. \u00fcber die Verarbeitung Ihrer pers\u00f6nlichen Daten bzw. der pers\u00f6nlichen Daten unserer Ansprechpartner in Ihrem Unternehmen und ihre Rechtsgrundlagen. Diese sind grunds\u00e4tzlich das Vertragsverh\u00e4ltnis und die Einwilligung.<\/p>\n<p>Es werden nur solche personenbezogenen Daten erhoben, die f\u00fcr die Durchf\u00fchrung und Abwicklung der Vertragsbeziehung erforderlich sind oder die Sie freiwillig zur Verf\u00fcgung gestellt haben.<\/p>\n<p>Die Isodach Kft. verarbeitet Ihre personenbezogenen Daten im Einklang mit der DSGVO auf Basis der Gesetze, des Vertrages oder Ihrer Einwilligung.<\/p>\n<p>4.\tDatenerfassung<br \/>\nWie erfassen wir Ihre Daten?<br \/>\nIhre Daten werden zum einen dadurch erhoben, dass Sie uns diese mitteilen. Hierbei kann es sich z. B. um Daten handeln, die Sie in ein Kontaktformular eingeben. Sowie wir verarbeiten Ihre personenbezogenen Daten, die Sie uns im Rahmen der Vertragsbeziehung oder aufgrund einer vorvertraglichen Beziehung zur Verf\u00fcgung stellen, wie etwa Name, Anschrift, E-Mail-Adresse, Telefonnummer. Dar\u00fcber hinaus speichern wir die Daten Ihres Kontakts mit uns, wie etwa die Korrespondenz, Ihre Anfragen, Vertr\u00e4ge, Rechnungen, etc.<\/p>\n<p>Wof\u00fcr nutzen wir Ihre Daten?<br \/>\nEin Teil der Daten wird erhoben, um eine fehlerfreie Bereitstellung der Website zu gew\u00e4hrleisten. Andere Daten k\u00f6nnen zur Analyse Ihres Nutzerverhaltens verwendet werden. Das sind vor allem technische Daten (z. B. Internetbrowser, Betriebssystem oder Uhrzeit des Seitenaufrufs). Die Erfassung dieser Daten erfolgt automatisch, sobald Sie diese Website betreten.<\/p>\n<p>Wenn Sie \u00fcber unsere Website mit uns Kontakt aufnehmen, eine Anfrage werden die im Formular angegebenen Daten bei uns gespeichert. Wird ein Vorgang abgebrochen, werden die Daten nicht gespeichert.<br \/>\nWir verarbeiten Ihre personenbezogenen Daten zum Zwecke der Erf\u00fcllung unserer vorvertraglichen Verpflichtungen, wie etwa dem Beantworten Ihrer Anfragen, zur Erf\u00fcllung des Vertrages und damit verbundener Nebenleistungen, wie Buchhaltung etc. und zur Erf\u00fcllung unserer gesetzlichen Verpflichtungen.<\/p>\n<p>Ihre Rechte bez\u00fcglich Ihrer Daten<br \/>\nSie haben jederzeit das Recht, unentgeltlich Auskunft \u00fcber Herkunft, Empf\u00e4nger und Zweck Ihrer<br \/>\ngespeicherten personenbezogenen Daten zu erhalten. Sie haben au\u00dferdem ein Recht, die Berichtigung oder L\u00f6schung dieser Daten zu verlangen. Wenn Sie eine Einwilligung zur Datenverarbeitung erteilt haben, k\u00f6nnen Sie diese Einwilligung jederzeit f\u00fcr die Zukunft widerrufen. Au\u00dferdem haben Sie das Recht, unter bestimmten Umst\u00e4nden die Einschr\u00e4nkung der Verarbeitung Ihrer personenbezogenen Daten zu verlangen. Des Weiteren steht Ihnen ein Beschwerderecht bei der zust\u00e4ndigen Aufsichtsbeh\u00f6rde zu. Hierzu sowie zu weiteren Fragen zum Thema Datenschutz k\u00f6nnen Sie sich jederzeit an uns wenden.<\/p>\n<p>Speicherdauer<br \/>\nSoweit innerhalb dieser Datenschutzerkl\u00e4rung keine speziellere Speicherdauer genannt wurde, verbleiben Ihre personenbezogenen Daten bei uns, bis der Zweck f\u00fcr die Datenverarbeitung entf\u00e4llt, oder so lange es aufgrund gesetzlicher Aufbewahrungspflichten (z. B. steuer- oder handelsrechtliche Aufbewahrungsfristen) notwendig ist. Dar\u00fcber hinaus werden Daten nur aufgrund Ihrer Zustimmung bis auf Widerruf gespeichert.<br \/>\nWenn Sie ein berechtigtes L\u00f6schersuchen geltend machen oder eine Einwilligung zur Datenverarbeitung widerrufen, werden Ihre Daten gel\u00f6scht. im letztgenannten Fall erfolgt die L\u00f6schung nach Fortfall dieser Gr\u00fcnde.<\/p>\n<p>5.\tEmpf\u00e4nger von personenbezogenen Daten<\/p>\n<p>Im Rahmen unserer Gesch\u00e4ftst\u00e4tigkeit arbeiten wir mit verschiedenen externen Stellen (externe Dienstleister, wie IT-Dienstleister, Steuerberater oder Buchhalter) zusammen. Dabei ist teilweise auch eine \u00dcbermittlung von personenbezogenen Daten an diese externen Stellen erforderlich.<br \/>\nWir geben personenbezogene Daten nur dann an externe Stellen weiter, wenn dies im Rahmen einer<br \/>\nVertragserf\u00fcllung oder zur Durchf\u00fchrung vorvertraglicher Ma\u00dfnahmen erforderlich ist, wenn wir gesetzlich hierzu verpflichtet sind (z. B. Weitergabe von Daten an Steuerbeh\u00f6rden), wenn wir ein berechtigtes Interesse nach Art. 6 Abs. 1 lit. f DSGVO an der Weitergabe haben oder wenn eine sonstige Rechtsgrundlage (Rechtsanw\u00e4lte oder Beh\u00f6rden) die Datenweitergabe erlaubt.<br \/>\nBeim Einsatz von Auftragsverarbeitern geben wir personenbezogene Daten unserer Kunden nur auf Grundlage eines g\u00fcltigen Vertrags \u00fcber Auftragsverarbeitung weiter. Im Falle einer gemeinsamen Verarbeitung wird ein Vertrag \u00fcber gemeinsame Verarbeitung geschlossen.<\/p>\n<p>6.\tHosting + Cookie-Pop-Up<br \/>\nWir hosten die Inhalte unserer Website bei folgendem Anbieter:<\/p>\n<p>6.1.Externes Hosting<br \/>\nDiese Website wird extern gehostet. Die personenbezogenen Daten, die auf dieser Website erfasst werden, werden auf den Servern des Hosters \/ der Hoster gespeichert. Hierbei kann es sich v. a. um IP-Adressen, Kontaktanfragen, Meta- und Kommunikationsdaten, Vertragsdaten, Kontaktdaten, Namen, Websitezugriffe und sonstige Daten, die \u00fcber eine Website generiert werden, handeln.<br \/>\nDas externe Hosting erfolgt zum Zwecke der Vertragserf\u00fcllung gegen\u00fcber unseren potenziellen und<br \/>\nbestehenden Kunden (Art. 6 Abs. 1 lit. b DSGVO) und im Interesse einer sicheren, schnellen und effizienten Bereitstellung unseres Online-Angebots durch einen professionellen Anbieter (Art. 6 Abs. 1 lit. f DSGVO).<br \/>\nSofern eine entsprechende Einwilligung abgefragt wurde, erfolgt die Verarbeitung ausschlie\u00dflich auf<br \/>\nGrundlage von Art. 6 Abs. 1 lit. a DSGVO und \u00a7 25 Abs. 1 TTDSG, soweit die Einwilligung die Speicherung von Cookies oder den Zugriff auf Informationen im Endger\u00e4t des Nutzers (z. B. Device-Fingerprinting) im Sinne des TTDSG umfasst. Die Einwilligung ist jederzeit widerrufbar.<br \/>\nUnser(e) Hoster wird bzw. werden Ihre Daten nur insoweit verarbeiten, wie dies zur Erf\u00fcllung seiner<br \/>\nLeistungspflichten erforderlich ist und unsere Weisungen in Bezug auf diese Daten befolgen.<br \/>\nWir setzen folgende(n) Hoster ein:<br \/>\nCloudflare Inc.<br \/>\nToronto<br \/>\nCanada<\/p>\n<p>Auftragsverarbeitung<br \/>\nWir haben einen Vertrag \u00fcber Auftragsverarbeitung (AVV) zur Nutzung des oben genannten Dienstes<br \/>\ngeschlossen. Hierbei handelt es sich um einen datenschutzrechtlich vorgeschriebenen Vertrag, der<br \/>\ngew\u00e4hrleistet, dass dieser die personenbezogenen Daten unserer Websitebesucher nur nach unseren<br \/>\nWeisungen und unter Einhaltung der DSGVO verarbeitet.<\/p>\n<p>6.2.    Server-Log-Files<br \/>\nZugriffsdaten: Der Websitebetreiber bzw. Seitenprovider erhebt Daten \u00fcber Zugriffe auf die Seite und speichert diese als \u201eServer-Logfiles\u201c ab. Folgende Daten werden so protokolliert:<br \/>\n&#8211; Besuchte Website<br \/>\n&#8211; Uhrzeit zum Zeitpunkt des Zugriffes<br \/>\n&#8211; Menge der gesendeten Daten in Byte<br \/>\n&#8211; Quelle\/Verweis, von welchem Sie auf die Seite gelangten<br \/>\n&#8211; Verwendeter Browser<br \/>\n&#8211; Verwendetes Betriebssystem<br \/>\n&#8211; Verwendete IP-Adresse (ggf.: in anonymisierter Form)<\/p>\n<p>Die erhobenen Daten dienen lediglich statistischen Auswertungen und zur Verbesserung der Website. Der Websitebetreiber beh\u00e4lt sich allerdings vor, die Server-Logfiles nachtr\u00e4glich zu \u00fcberpr\u00fcfen, sollten konkrete Anhaltspunkte auf eine rechtswidrige Nutzung hinweisen.<\/p>\n<p>6.3.    Cookies<br \/>\nUnsere Website verwendet so genannte Cookies. Dabei handelt es sich um kleine Textdateien, die mit Hilfe des Browsers auf Ihrem Endger\u00e4t abgelegt werden. Sie richten keinen Schaden an. <\/p>\n<p>Wir nutzen Cookies dazu, unser Angebot nutzerfreundlich zu gestalten. Einige Cookies bleiben auf Ihrem Endger\u00e4t gespeichert, bis Sie diese l\u00f6schen. Sie erm\u00f6glichen es uns, Ihren Browser beim n\u00e4chsten Besuch wiederzuerkennen.<\/p>\n<p>Bei der Ablehnung von Cookies oder der Deaktivierung von Cookies kann die Funktionalit\u00e4t unserer Website eingeschr\u00e4nkt sein.<\/p>\n<p>6.4.    Google-Analytics<br \/>\nDiese Website benutzt Google Analytics, einen Webanalysedienst der Google Inc. (\u201eGoogle\u201c). Google Analytics verwendet sog. \u201eCookies\u201c, Textdateien, die auf Ihrem Computer gespeichert werden und die eine Analyse der Benutzung der Website durch Sie erm\u00f6glichen. Die durch den Cookie erzeugten Informationen \u00fcber Ihre Benutzung dieser Website (einschlie\u00dflich Ihrer IP-Adresse) werden an einen Server von Google in den USA \u00fcbertragen und dort gespeichert. Google wird diese Informationen benutzen, um Ihre Nutzung der Website auszuwerten, um Reports \u00fcber die Websiteaktivit\u00e4ten f\u00fcr die Websitebetreiber zusammenzustellen und um weitere mit der Websitenutzung und der Internetnutzung verbundene Dienstleistungen zu erbringen. Auch wird Google diese Informationen gegebenenfalls an Dritte \u00fcbertragen, sofern dies gesetzlich vorgeschrieben oder soweit Dritte diese Daten im Auftrag von Google verarbeiten. Google wird in keinem Fall Ihre IP-Adresse mit anderen Daten von Google in Verbindung bringen. Sie k\u00f6nnen die Installation der Cookies durch eine entsprechende Einstellung Ihrer Browser Software verhindern; wir weisen Sie jedoch darauf hin, dass Sie in diesem Fall gegebenenfalls nicht s\u00e4mtliche Funktionen dieser Website vollumf\u00e4nglich nutzen k\u00f6nnen. Durch die Nutzung dieser Website erkl\u00e4ren Sie sich mit der Bearbeitung der \u00fcber Sie erhobenen Daten durch Google in der zuvor beschriebenen Art und Weise und zu dem zuvor benannten Zweck einverstanden.<\/p>\n<p>Wir haben mit dem Anbieter einen entsprechenden Vertrag zur Auftragsdatenverarbeitung abgeschlossen.<\/p>\n<p>6.5    AdWords Remarketing<br \/>\nDer Anbieter verwendet auf der Webseite die Remarketing- oder &#8222;\u00c4hnliche Zielgruppen&#8220;- Funktion der Google Inc. (\u201eGoogle&#8220;).  Mittels dieser Funktion kann der Anbieter die Besucher der Webseite zielgerichtet mit Werbung ansprechen, indem f\u00fcr Besucher der Webseite des Anbieters personalisierte, interessenbezogene Werbung-Anzeigen geschaltet werden, wenn sie andere Webseiten im Google Display-Netzwerk besuchen. Zur Durchf\u00fchrung der Analyse der Webseiten- Nutzung, welche die Grundlage f\u00fcr die Erstellung der interessenbezogenen Werbeanzeigen bildet, setzt Google sog. Cookies ein. Hierzu speichert Google eine kleine Datei mit einer Zahlenfolge in den Browsern der Besucher der Webseite. \u00dcber diese Zahl werden die Besuche der Webseite sowie anonymisierte Daten \u00fcber die Nutzung der Webseite erfasst. Es erfolgt keine Speicherung von personenbezogenen Daten der Besucher der Webseite. Besuchen Sie nachfolgend eine andere Webseite im Google Display-Netzwerk werden Ihnen Werbeeinblendungen angezeigt, die mit hoher Wahrscheinlichkeit zuvor aufgerufene Produkt- und Informationsbereiche ber\u00fccksichtigen. Sie k\u00f6nnen die Verwendung von Cookies durch Google dauerhaft deaktivieren, indem Sie dem nachfolgenden Link folgen und das dort bereitgestellte Plug-In herunterladen und installieren: https:\/\/www.google.com\/settings\/ads\/plugin?hl=de.<br \/>\n6.6.    Facebook-Plugins<br \/>\nAuf diesen Internetseiten werden Plugins des sozialen Netzwerkes facebook.com verwendet, das von der Facebook Inc., 1601 S. California Ave, Palo Alto, CA 94304, USA betrieben wird (&#8222;Facebook&#8220;). Wenn Sie mit einem solchen Plugin versehene Internetseiten unserer Internetpr\u00e4senz aufrufen, wird eine Verbindung zu den Facebook-Servern hergestellt und dabei das Plugin durch Mitteilung an Ihren Browser auf der Internetseite dargestellt. So wird an den Facebook-Server \u00fcbermittelt, welche unserer Internetseiten Sie besucht haben. Facebook ordnet diese Informationen Ihrem pers\u00f6nlichen Konto zu. Bei der Nutzung der Plugin-Funktionen (z.B. Anklicken des \u201eGef\u00e4llt mir\u201c-Buttons, Abgabe eines Kommentars) werden auch diese Informationen Ihrem Facebook-Konto zugeordnet. Sie k\u00f6nnen diese Zuordnung verhindern, wenn Sie sich bei Ihrem Konto Ausloggen. N\u00e4here Informationen zur Erhebung und Nutzung der Daten durch Facebook finden Sie in den Datenschutzhinweisen von Facebook.<\/p>\n<p>6.7.    Instagram-Plugin<br \/>\nAuf der Seite sind Funktionen des Dienstes Instagram eingebunden. Diese Funktionen werden angeboten durch die Instagram Inc., 1601 Willow Road, Menlo Park, CA, 94025, USA integriert. Wenn Sie \u00fcber ein Instagram Account verf\u00fcgen k\u00f6nnen Sie die Inhalte unserer Seite mit Ihrem Profil verlinken. Dadurch kann Instagram den Besuch unserer Seite Ihrem Konto zuordnen. Weiter wei\u00dfen wir darauf hin, dass wir als Anbieter der Seite keine Kenntnis vom Inhalt der \u00fcbermittelten Daten sowie deren Nutzung durch Instagram erhalten.<br \/>\nWeitere Informationen hierzu finden Sie in der Datenschutzerkl\u00e4rung von Instagram: https:\/\/instagram.com\/about\/legal\/privacy\/<br \/>\n7.\tWiderruf Ihrer Einwilligung zur Datenverarbeitung<br \/>\nViele Datenverarbeitungsvorg\u00e4nge sind nur mit Ihrer ausdr\u00fccklichen Einwilligung m\u00f6glich. Sie k\u00f6nnen eine bereits erteilte Einwilligung jederzeit widerrufen. Die Rechtm\u00e4\u00dfigkeit der bis zum Widerruf erfolgten Datenverarbeitung bleibt vom Widerruf unber\u00fchrt.<\/p>\n<p>Widerspruchsrecht gegen die Datenerhebung in besonderen F\u00e4llen sowie gegen<br \/>\nDirektwerbung (Art. 21 DSGVO)<br \/>\nWenn die Datenverarbeitung auf Grundlage von art. 6 abs. 1 lit. E oder f DSGVO Erfolgt, haben Sie jederzeit das Recht, aus Gr\u00fcnden, die sich aus Ihrer besonderen Situation ergeben, gegen die Verarbeitung Ihrer personenbezogenen Daten Widerspruch einzulegen; dies gilt auch f\u00fcr ein auf diese Bestimmungen gest\u00fctztes Profiling. Die jeweilige Rechtsgrundlage, auf denen eine Verarbeitung beruht, Entnehmen Sie dieser Datenschutzerkl\u00e4rung. Wenn sie Widerspruch einlegen, werden wir Ihre betroffenen personenbezogenen Daten nicht mehr verarbeiten, es sei denn, wir k\u00f6nnen zwingende schutzw\u00fcrdige Gr\u00fcnde f\u00fcr die Verarbeitung Nachweisen, die ihre Interessen, Rechte und Freiheiten \u00fcberwiegen oder die Verarbeitung dient der Geltendmachung, Aus\u00fcbung oder Verteidigung von Rechtsanspr\u00fcchen (Widerspruch nach art. 21 abs. 1 DSGVO).<br \/>\nWerden Ihre personenbezogenen Daten verarbeitet, um Direktwerbung zu betreiben, so haben Sie das Recht, jederzeit Widerspruch gegen die Verarbeitung Sie betreffender personenbezogener Daten zum Zwecke derartiger Werbung Einzulegen; dies gilt auch f\u00fcr das Profiling, soweit es mit solcher Direktwerbung in Verbindung steht. Wenn Sie widersprechen, werden Ihre personenbezogenen Daten anschlie\u00dfend nicht mehr zum Zwecke der Direktwerbung verwendet (Widerspruch Nach art. 21 abs. 2 DSGVO).<\/p>\n<p>Beschwerderecht bei der zust\u00e4ndigen Aufsichtsbeh\u00f6rde<br \/>\nIm Falle von Verst\u00f6\u00dfen gegen die DSGVO steht den Betroffenen ein Beschwerderecht bei einer Aufsichtsbeh\u00f6rde, insbesondere in dem Mitgliedstaat ihres gew\u00f6hnlichen Aufenthalts, ihres Arbeitsplatzes oder des Orts des mutma\u00dflichen Versto\u00dfes zu. Das Beschwerderecht besteht unbeschadet anderweitiger verwaltungsrechtlicher oder gerichtlicher Rechtsbehelfe.<\/p>\n<p>Recht auf Daten\u00fcbertragbarkeit<br \/>\nSie haben das Recht, Daten, die wir auf Grundlage Ihrer Einwilligung oder in Erf\u00fcllung eines Vertrags automatisiert verarbeiten, an sich oder an einen Dritten in einem g\u00e4ngigen, maschinenlesbaren Format aush\u00e4ndigen zu lassen. Sofern Sie die direkte \u00dcbertragung der Daten an einen anderen Verantwortlichen verlangen, erfolgt dies nur, soweit es technisch machbar ist.<\/p>\n<p>Auskunft, Berichtigung und L\u00f6schung<br \/>\nSie haben im Rahmen der geltenden gesetzlichen Bestimmungen jederzeit das Recht auf unentgeltliche Auskunft \u00fcber Ihre gespeicherten personenbezogenen Daten, deren Herkunft und Empf\u00e4nger und den Zweck der Datenverarbeitung und ggf. ein Recht auf Berichtigung oder L\u00f6schung dieser Daten. Hierzu sowie zu weiteren Fragen zum Thema personenbezogene Daten k\u00f6nnen Sie sich jederzeit an uns wenden.<\/p>\n<p>Recht auf Einschr\u00e4nkung der Verarbeitung<br \/>\nSie haben das Recht, die Einschr\u00e4nkung der Verarbeitung Ihrer personenbezogenen Daten zu verlangen. Hierzu k\u00f6nnen Sie sich jederzeit an uns wenden. Das Recht auf Einschr\u00e4nkung der Verarbeitung besteht in folgenden F\u00e4llen:<br \/>\nWenn Sie die Richtigkeit Ihrer bei uns gespeicherten personenbezogenen Daten bestreiten, ben\u00f6tigen wir in der Regel Zeit, um dies zu \u00fcberpr\u00fcfen. F\u00fcr die Dauer der Pr\u00fcfung haben Sie das Recht, die Einschr\u00e4nkung der Verarbeitung Ihrer personenbezogenen Daten zu verlangen. Wenn die Verarbeitung Ihrer personenbezogenen Daten unrechtm\u00e4\u00dfig geschah\/geschieht, k\u00f6nnen Sie statt der L\u00f6schung die Einschr\u00e4nkung der Datenverarbeitung verlangen. Wenn wir Ihre personenbezogenen Daten nicht mehr ben\u00f6tigen, Sie sie jedoch zur Aus\u00fcbung, Verteidigung oder Geltendmachung von Rechtsanspr\u00fcchen ben\u00f6tigen, haben Sie das Recht, statt der L\u00f6schung die Einschr\u00e4nkung der Verarbeitung Ihrer personenbezogenen Daten zu verlangen. Wenn Sie einen Widerspruch nach Art. 21 Abs. 1 DSGVO eingelegt haben, muss eine Abw\u00e4gung zwischen Ihren und unseren Interessen vorgenommen werden. Solange noch nicht feststeht, wessen Interessen \u00fcberwiegen, haben Sie das Recht, die Einschr\u00e4nkung der Verarbeitung Ihrer personenbezogenen Daten zu verlangen. Wenn Sie die Verarbeitung Ihrer personenbezogenen Daten eingeschr\u00e4nkt haben, d\u00fcrfen diese Daten \u2013 von Ihrer Speicherung abgesehen \u2013 nur mit Ihrer Einwilligung oder zur Geltendmachung, Aus\u00fcbung oder Verteidigung von Rechtsanspr\u00fcchen oder zum Schutz der Rechte einer anderen nat\u00fcrlichen oder juristischen Person oder aus Gr\u00fcnden eines wichtigen \u00f6ffentlichen Interesses der Europ\u00e4ischen Union oder eines Mitgliedstaats verarbeitet werden.<br \/>\nQuelle:https:\/\/www.e-recht24.de<\/p>\n","protected":false},"excerpt":{"rendered":"<p>Datenschutzerkl\u00e4rung 1. Allgemeine Hinweise: Die folgenden Hinweise geben einen einfachen \u00dcberblick dar\u00fcber, was mit Ihren personenbezogenen Daten passiert, wenn Sie diese Website besuchen. Personenbezogene Daten sind alle Daten, mit denen Sie pers\u00f6nlich identifiziert werden k\u00f6nnen. Die verwendeten Begriffe sind nicht geschlechtsspezifisch Stand: 10.05.2024 2. Verantwortliche Stelle f\u00fcr die Datenverarbeitung Die Datenverarbeitung auf dieser Website erfolgt [&hellip;]<\/p>\n","protected":false},"author":1,"featured_media":0,"parent":0,"menu_order":0,"comment_status":"closed","ping_status":"open","template":"","meta":{"_acf_changed":false,"_et_pb_use_builder":"","_et_pb_old_content":"","_et_gb_content_width":"","footnotes":""},"class_list":["post-454","page","type-page","status-publish","hentry"],"acf":[],"_links":{"self":[{"href":"https:\/\/isodach.com\/de\/wp-json\/wp\/v2\/pages\/454","targetHints":{"allow":["GET"]}}],"collection":[{"href":"https:\/\/isodach.com\/de\/wp-json\/wp\/v2\/pages"}],"about":[{"href":"https:\/\/isodach.com\/de\/wp-json\/wp\/v2\/types\/page"}],"author":[{"embeddable":true,"href":"https:\/\/isodach.com\/de\/wp-json\/wp\/v2\/users\/1"}],"replies":[{"embeddable":true,"href":"https:\/\/isodach.com\/de\/wp-json\/wp\/v2\/comments?post=454"}],"version-history":[{"count":2,"href":"https:\/\/isodach.com\/de\/wp-json\/wp\/v2\/pages\/454\/revisions"}],"predecessor-version":[{"id":456,"href":"https:\/\/isodach.com\/de\/wp-json\/wp\/v2\/pages\/454\/revisions\/456"}],"wp:attachment":[{"href":"https:\/\/isodach.com\/de\/wp-json\/wp\/v2\/media?parent=454"}],"curies":[{"name":"wp","href":"https:\/\/api.w.org\/{rel}","templated":true}]}}