{"id":451,"date":"2024-06-04T18:44:36","date_gmt":"2024-06-04T16:44:36","guid":{"rendered":"https:\/\/isodach.com\/?page_id=451"},"modified":"2024-07-15T10:21:47","modified_gmt":"2024-07-15T08:21:47","slug":"impressum","status":"publish","type":"page","link":"https:\/\/isodach.com\/de\/impressum\/","title":{"rendered":"Impressum"},"content":{"rendered":"<table width=\"652\">\n<tbody>\n<tr>\n<td><strong>Firmenname<\/strong>:<\/td>\n<td width=\"431\">ISODACH \u00c9p\u00edt\u0151ipari Korl\u00e1tolt Felel\u0151ss\u00e9g\u0171 T\u00e1rsas\u00e1g<\/td>\n<\/tr>\n<tr>\n<td><strong>Hauptsitz<\/strong>:<\/td>\n<td width=\"431\">F\u0151 utca 51, H-9738 T\u00f6m\u00f6rd<\/td>\n<\/tr>\n<tr>\n<td><strong>UID<\/strong>:<\/td>\n<td width=\"431\">HU23872789<\/td>\n<\/tr>\n<tr>\n<td><strong>Telefon<\/strong>:<\/td>\n<td width=\"431\">+36 43 664 425 5307<\/td>\n<\/tr>\n<tr>\n<td><strong>E-Mail<\/strong>:<\/td>\n<td width=\"431\"><a href=\"mailto:office@isodach.com\">office@isodach.com<\/a><\/td>\n<\/tr>\n<tr>\n<td><strong>Web<\/strong>:<\/td>\n<td width=\"431\">www.isodach.com<\/td>\n<\/tr>\n<tr>\n<td><strong>Vertreten durch<\/strong>:<\/td>\n<td width=\"431\">Gyula Benczenleitner<\/td>\n<\/tr>\n<tr>\n<td><strong>Gerichtsstand<\/strong>:<\/td>\n<td width=\"431\">Szombathelyi T\u00f6rv\u00e9nysz\u00e9k C\u00e9gb\u00edr\u00f3s\u00e1ga<\/td>\n<\/tr>\n<tr>\n<td><strong>Firmenbuch-Nummer<\/strong>:<\/td>\n<td width=\"431\">18-09-110989<\/td>\n<\/tr>\n<tr>\n<td><strong>Gewerbeberechtigung<\/strong>:<\/td>\n<td width=\"431\">VA\/FMMF-KIO\/000736-2\/2021<\/td>\n<\/tr>\n<tr>\n<td><strong>Ausstellende Beh\u00f6rde<\/strong>:<\/td>\n<td width=\"431\">Vas Megyei Korm\u00e1nyhivatal Foglalkoztat\u00e1si, Munka\u00fcgyi \u00e9s Munkav\u00e9delmi F\u0151oszt\u00e1ly<\/td>\n<\/tr>\n<tr>\n<td><strong>Gewerbeberechtigung<\/strong>:<\/td>\n<td width=\"431\">Arbeitskr\u00e4fte\u00fcberlasser \/ Personaldienstleister<\/td>\n<\/tr>\n<tr>\n<td><strong>Bankverbindung<\/strong>:<\/td>\n<td width=\"431\">MBH Bank Nyrt.<br \/>\nIBAN: HU03 1010 4789 3438 5800 0100 5304<br \/>\nSWIFT\/BIC: BUDAHUHB<br \/>\nW\u00e4hrung: EUR<\/td>\n<\/tr>\n<tr>\n<td><strong>Inhaltlich verantwortlich<\/strong>:<\/td>\n<td width=\"431\">ISODACH \u00c9p\u00edt\u0151ipari Korl\u00e1tolt Felel\u0151ss\u00e9g\u0171 T\u00e1rsas\u00e1g<\/td>\n<\/tr>\n<tr>\n<td><strong>Webdesign<\/strong>:<\/td>\n<td width=\"431\"><a href=\"https:\/\/www.wakeliteweb.com\/\">Wakelite Kft.<\/a><\/td>\n<\/tr>\n<\/tbody>\n<\/table>\n","protected":false},"excerpt":{"rendered":"<p>Firmenname: ISODACH \u00c9p\u00edt\u0151ipari Korl\u00e1tolt Felel\u0151ss\u00e9g\u0171 T\u00e1rsas\u00e1g Hauptsitz: F\u0151 utca 51, H-9738 T\u00f6m\u00f6rd UID: HU23872789 Telefon: +36 43 664 425 5307 E-Mail: office@isodach.com Web: www.isodach.com Vertreten durch: Gyula Benczenleitner Gerichtsstand: Szombathelyi T\u00f6rv\u00e9nysz\u00e9k C\u00e9gb\u00edr\u00f3s\u00e1ga Firmenbuch-Nummer: 18-09-110989 Gewerbeberechtigung: VA\/FMMF-KIO\/000736-2\/2021 Ausstellende Beh\u00f6rde: Vas Megyei Korm\u00e1nyhivatal Foglalkoztat\u00e1si, Munka\u00fcgyi \u00e9s Munkav\u00e9delmi F\u0151oszt\u00e1ly Gewerbeberechtigung: Arbeitskr\u00e4fte\u00fcberlasser \/ Personaldienstleister Bankverbindung: MBH Bank Nyrt. IBAN: [&hellip;]<\/p>\n","protected":false},"author":1,"featured_media":0,"parent":0,"menu_order":0,"comment_status":"closed","ping_status":"closed","template":"","meta":{"_acf_changed":false,"_et_pb_use_builder":"","_et_pb_old_content":"","_et_gb_content_width":"","footnotes":""},"class_list":["post-451","page","type-page","status-publish","hentry"],"acf":[],"_links":{"self":[{"href":"https:\/\/isodach.com\/de\/wp-json\/wp\/v2\/pages\/451","targetHints":{"allow":["GET"]}}],"collection":[{"href":"https:\/\/isodach.com\/de\/wp-json\/wp\/v2\/pages"}],"about":[{"href":"https:\/\/isodach.com\/de\/wp-json\/wp\/v2\/types\/page"}],"author":[{"embeddable":true,"href":"https:\/\/isodach.com\/de\/wp-json\/wp\/v2\/users\/1"}],"replies":[{"embeddable":true,"href":"https:\/\/isodach.com\/de\/wp-json\/wp\/v2\/comments?post=451"}],"version-history":[{"count":3,"href":"https:\/\/isodach.com\/de\/wp-json\/wp\/v2\/pages\/451\/revisions"}],"predecessor-version":[{"id":516,"href":"https:\/\/isodach.com\/de\/wp-json\/wp\/v2\/pages\/451\/revisions\/516"}],"wp:attachment":[{"href":"https:\/\/isodach.com\/de\/wp-json\/wp\/v2\/media?parent=451"}],"curies":[{"name":"wp","href":"https:\/\/api.w.org\/{rel}","templated":true}]}}